{"id":7,"date":"2022-03-15T09:01:27","date_gmt":"2022-03-15T09:01:27","guid":{"rendered":"http:\/\/manual.kronox.se\/?page_id=7"},"modified":"2022-03-29T12:07:25","modified_gmt":"2022-03-29T12:07:25","slug":"kronox-manualsajt","status":"publish","type":"page","link":"https:\/\/manual.kronox.se\/","title":{"rendered":"KronoX manualsajt"},"content":{"rendered":"\r\n<p><strong>V\u00e4lkommen till online-manualen f\u00f6r KronoX.<\/strong><\/p>\r\n\r\n\r\n\r\n<p>Manualen \u00e4r uppdelad i flera sektioner utifr\u00e5n stigande beh\u00f6righetsniv\u00e5.<\/p>\r\n\r\n\r\n\r\n<ul class=\"wp-block-list\">\r\n<li>Hj\u00e4lp f\u00f6r studenter<\/li>\r\n<li>Hj\u00e4lp f\u00f6r l\u00e4rare<\/li>\r\n<li>Hj\u00e4lp f\u00f6r bokare<\/li>\r\n<li>Hj\u00e4lp f\u00f6r administrat\u00f6rer<\/li>\r\n<li>Hj\u00e4lp f\u00f6r tekniker<\/li>\r\n<\/ul>\r\n\r\n\r\n\r\n<p>Under <em>Hj\u00e4lp f\u00f6r studenter<\/em> hittar du som student supportsidor till hur du <a href=\"https:\/\/manual.kronox.se\/?p=1975\">s\u00f6ker fram ett schema<\/a> eller <a href=\"https:\/\/manual.kronox.se\/?p=2229\">bokar ett grupprum<\/a>.<\/p>\r\n\r\n\r\n\r\n<p>Under <em>Hj\u00e4lp f\u00f6r bokare<\/em> finns alla supportsidor f\u00f6r dig som vill veta hur KronoX kan anv\u00e4ndas. H\u00e4r finns en <a href=\"https:\/\/manual.kronox.se\/?p=612\">introduktion till KronoX <\/a>f\u00f6r dig som \u00e4r ny anv\u00e4ndare. Du hittar ocks\u00e5 information om hur man <a href=\"https:\/\/manual.kronox.se\/?p=464\">skapar en bokning<\/a>, hur man <a href=\"https:\/\/manual.kronox.se\/?p=742\">\u00e4ndrar en bokning<\/a> och hur man <a href=\"https:\/\/manual.kronox.se\/?p=467\">s\u00f6ker efter bokningar<\/a>.<\/p>\r\n\r\n\r\n\r\n<p>Vill du schemal\u00e4gga utifr\u00e5n luckor i studenternas programscheman? D\u00e5 kan avsnitten om <a href=\"https:\/\/manual.kronox.se\/?p=578\">bokningsl\u00e4ge\/schemavy<\/a> och <a href=\"https:\/\/manual.kronox.se\/?p=1821\">lager<\/a> vara n\u00e5got f\u00f6r dig.<\/p>\r\n","protected":false},"excerpt":{"rendered":"<p>V\u00e4lkommen till online-manualen f\u00f6r KronoX. Manualen \u00e4r uppdelad i flera sektioner utifr\u00e5n stigande beh\u00f6righetsniv\u00e5. Hj\u00e4lp f\u00f6r studenter Hj\u00e4lp f\u00f6r l\u00e4rare Hj\u00e4lp f\u00f6r bokare Hj\u00e4lp f\u00f6r administrat\u00f6rer Hj\u00e4lp f\u00f6r tekniker Under Hj\u00e4lp f\u00f6r studenter hittar du som student supportsidor till hur du s\u00f6ker fram ett schema eller bokar ett grupprum. Under Hj\u00e4lp f\u00f6r bokare finns alla [&hellip;]<\/p>\n","protected":false},"author":2,"featured_media":0,"parent":0,"menu_order":1,"comment_status":"closed","ping_status":"closed","template":"","meta":{"_acf_changed":false,"footnotes":""},"class_list":["post-7","page","type-page","status-publish","hentry"],"acf":[],"_links":{"self":[{"href":"https:\/\/manual.kronox.se\/index.php?rest_route=\/wp\/v2\/pages\/7","targetHints":{"allow":["GET"]}}],"collection":[{"href":"https:\/\/manual.kronox.se\/index.php?rest_route=\/wp\/v2\/pages"}],"about":[{"href":"https:\/\/manual.kronox.se\/index.php?rest_route=\/wp\/v2\/types\/page"}],"author":[{"embeddable":true,"href":"https:\/\/manual.kronox.se\/index.php?rest_route=\/wp\/v2\/users\/2"}],"replies":[{"embeddable":true,"href":"https:\/\/manual.kronox.se\/index.php?rest_route=%2Fwp%2Fv2%2Fcomments&post=7"}],"version-history":[{"count":17,"href":"https:\/\/manual.kronox.se\/index.php?rest_route=\/wp\/v2\/pages\/7\/revisions"}],"predecessor-version":[{"id":2791,"href":"https:\/\/manual.kronox.se\/index.php?rest_route=\/wp\/v2\/pages\/7\/revisions\/2791"}],"wp:attachment":[{"href":"https:\/\/manual.kronox.se\/index.php?rest_route=%2Fwp%2Fv2%2Fmedia&parent=7"}],"curies":[{"name":"wp","href":"https:\/\/api.w.org\/{rel}","templated":true}]}}